{"id":208,"date":"2024-03-14T15:36:36","date_gmt":"2024-03-14T14:36:36","guid":{"rendered":"https:\/\/www.shop.lmb.fr\/shop.lmb.fr\/?post_type=product&#038;p=208"},"modified":"2025-04-02T15:18:40","modified_gmt":"2025-04-02T13:18:40","slug":"instruments-musique-decoratif","status":"publish","type":"product","link":"https:\/\/www.shop.lmb.fr\/shop.lmb.fr\/index.php\/produit\/instruments-musique-decoratif\/","title":{"rendered":"Instruments musique d\u00e9coration"},"content":{"rendered":"<h3>\u0152uvre r\u00e9alis\u00e9e avec la plus grande minutie<\/h3>\n<p>Notre gamme d&rsquo;instrument de musique d\u00e9coratif, fabriqu\u00e9 dans notre atelier pr\u00e8s d&rsquo;Annecy en Haute-Savoie. Une fabrication 100% fran\u00e7aise et artisanale.<\/p>\n<p>Gr\u00e2ce \u00e0 notre savoir faire et notre ma\u00eetrise du B\u00e9ton Fibr\u00e9 Ultra Haute performance (BFUP), nous r\u00e9alisons un (ou plusieurs) type instrument de musique d\u00e9coratif en b\u00e9ton.<\/p>\n<p><img data-opt-id=34042425  fetchpriority=\"high\" decoding=\"async\" class=\"alignnone wp-image-6155 size-full lazyload\" data-src=\"https:\/\/shop.merillon.fr\/wp-content\/uploads\/2020\/08\/details-guitare-01.png\" alt=\"Instruments de musique pour d\u00e9coration\" width=\"800\" height=\"600\" src=\"data:image\/svg+xml;base64,PHN2ZyB3aWR0aD0iMSIgaGVpZ2h0PSIxIiB4bWxucz0iaHR0cDovL3d3dy53My5vcmcvMjAwMC9zdmciPjwvc3ZnPg==\" style=\"--smush-placeholder-width: 800px; --smush-placeholder-aspect-ratio: 800\/600;\" \/><\/p>\n<h4>Une touche d&rsquo;originalit\u00e9 dans votre d\u00e9coration !<\/h4>\n<p>Nos instruments de musique d\u00e9coratif en b\u00e9ton (BFUP), sont avant tout l\u00e0 pour donner une touche originale \u00e0 votre espace.<br \/>\nComme toute \u0153uvre d&rsquo;art, vous pouvez les exposer \u00e0 votre go\u00fbt. Un grand nombre de possibilit\u00e9s s&rsquo;offrent \u00e0 vous.<br \/>\nElle donnera une touche d\u2019originalit\u00e9 \u00e0 votre pi\u00e8ce.<\/p>\n<h3><\/h3>\n<h4>L&rsquo;opportunit\u00e9 d&rsquo;acqu\u00e9rir des instruments de musique d\u00e9coratif en b\u00e9ton. Fabrication artisanale.<\/h4>\n<p>Saisissez cette opportunit\u00e9 d&rsquo;acqu\u00e9rir ce type d&rsquo;instruments de musique en b\u00e9ton (BFUP). De nombreuses heures de travail ont \u00e9t\u00e9 n\u00e9cessaires pour rendre les instruments d&rsquo;une incroyable finesse.<\/p>\n<ul>\n<li>100% fabrication fran\u00e7aise (Haute-Savoie)<\/li>\n<li>Finesse du d\u00e9tail<\/li>\n<li>Travail 100% artisanal<\/li>\n<li>Plusieurs couleurs disponibles<\/li>\n<\/ul>\n<blockquote>\n<h3><\/h3>\n<h3>Les instruments sont en taille r\u00e9elle<\/h3>\n<\/blockquote>\n<h3>La guitare en b\u00e9ton<\/h3>\n<p><img data-opt-id=1696333944  fetchpriority=\"high\" decoding=\"async\" class=\"alignnone wp-image-897 size-full lazyload\" data-src=\"https:\/\/mltljwaubrlc.i.optimole.com\/w:auto\/h:auto\/q:mauto\/ig:avif\/https:\/\/www.shop.lmb.fr\/shop.lmb.fr\/wp-content\/uploads\/2024\/03\/guitare1.png\" alt=\"guitare b\u00e9ton\" width=\"800\" height=\"800\" src=\"data:image\/svg+xml;base64,PHN2ZyB3aWR0aD0iMSIgaGVpZ2h0PSIxIiB4bWxucz0iaHR0cDovL3d3dy53My5vcmcvMjAwMC9zdmciPjwvc3ZnPg==\" style=\"--smush-placeholder-width: 800px; --smush-placeholder-aspect-ratio: 800\/800;\" \/><\/p>\n<p>Pour la t\u00eate nous avons gard\u00e9 le sillet qui habituellement permet d\u2019aligner les cordes de mani\u00e8re parall\u00e8le jusqu\u2019au chevalet.<br \/>\nAu niveau du manche, nous avons reproduit les frettes.<br \/>\nQuant \u00e0 la caisse nous avons aussi \u00e9t\u00e9 sensible \u00e0 la finition du dos et de la table. Un soin a \u00e9t\u00e9 aussi apport\u00e9 au chevalet.<\/p>\n<h3><\/h3>\n<h3>Le violon en b\u00e9ton<\/h3>\n<h3><img data-opt-id=1981546588  data-opt-src=\"https:\/\/shop.merillon.fr\/wp-content\/uploads\/2020\/08\/vilon-etui-tiny-1024x768.jpg\"  decoding=\"async\" class=\"alignnone wp-image-6158 size-large lazyload\" data-src=\"https:\/\/shop.merillon.fr\/wp-content\/uploads\/2020\/08\/vilon-etui-tiny-1024x768.jpg\" alt=\"\" width=\"1024\" height=\"768\" src=\"data:image\/svg+xml;base64,PHN2ZyB3aWR0aD0iMSIgaGVpZ2h0PSIxIiB4bWxucz0iaHR0cDovL3d3dy53My5vcmcvMjAwMC9zdmciPjwvc3ZnPg==\" style=\"--smush-placeholder-width: 1024px; --smush-placeholder-aspect-ratio: 1024\/768;\" \/><\/h3>\n<p>Le volupte du violon a retenue particuli\u00e8rement notre attention, car il s&rsquo;agit d&rsquo;une partie tr\u00e8s fine et tr\u00e8s d\u00e9taill\u00e9e du violon.<br \/>\nLa mentonni\u00e8re est \u00e9galement pr\u00e9sente \u00e0 sa place habituelle.<br \/>\nUne v\u00e9ritable \u0153uvre d&rsquo;art r\u00e9alis\u00e9e en b\u00e9ton.<\/p>\n<h3><\/h3>\n<h3>Photo de d\u00e9tails<\/h3>\n<p><img data-opt-id=1547452383  data-opt-src=\"https:\/\/mltljwaubrlc.i.optimole.com\/w:auto\/h:auto\/q:mauto\/ig:avif\/https:\/\/www.shop.lmb.fr\/shop.lmb.fr\/wp-content\/uploads\/2024\/03\/violon-1.png\"  decoding=\"async\" class=\"alignnone wp-image-898 size-full lazyload\" data-src=\"https:\/\/mltljwaubrlc.i.optimole.com\/w:auto\/h:auto\/q:mauto\/ig:avif\/https:\/\/www.shop.lmb.fr\/shop.lmb.fr\/wp-content\/uploads\/2024\/03\/violon-1.png\" alt=\"violon en b\u00e9ton\" width=\"800\" height=\"800\" data-old-srcset=\"https:\/\/mltljwaubrlc.i.optimole.com\/w:800\/h:800\/q:mauto\/ig:avif\/https:\/\/www.shop.lmb.fr\/shop.lmb.fr\/wp-content\/uploads\/2024\/03\/violon-1.png 800w, https:\/\/mltljwaubrlc.i.optimole.com\/w:300\/h:300\/q:mauto\/ig:avif\/https:\/\/www.shop.lmb.fr\/shop.lmb.fr\/wp-content\/uploads\/2024\/03\/violon-1.png 300w, https:\/\/mltljwaubrlc.i.optimole.com\/w:150\/h:150\/q:mauto\/ig:avif\/https:\/\/www.shop.lmb.fr\/shop.lmb.fr\/wp-content\/uploads\/2024\/03\/violon-1.png 150w, https:\/\/mltljwaubrlc.i.optimole.com\/w:768\/h:768\/q:mauto\/ig:avif\/https:\/\/www.shop.lmb.fr\/shop.lmb.fr\/wp-content\/uploads\/2024\/03\/violon-1.png 768w, https:\/\/mltljwaubrlc.i.optimole.com\/w:600\/h:600\/q:mauto\/ig:avif\/https:\/\/www.shop.lmb.fr\/shop.lmb.fr\/wp-content\/uploads\/2024\/03\/violon-1.png 600w, https:\/\/mltljwaubrlc.i.optimole.com\/w:100\/h:100\/q:mauto\/ig:avif\/dpr:2\/https:\/\/www.shop.lmb.fr\/shop.lmb.fr\/wp-content\/uploads\/2024\/03\/violon-1.png 100w\" data-sizes=\"(max-width: 800px) 100vw, 800px\" src=\"data:image\/svg+xml;base64,PHN2ZyB3aWR0aD0iMSIgaGVpZ2h0PSIxIiB4bWxucz0iaHR0cDovL3d3dy53My5vcmcvMjAwMC9zdmciPjwvc3ZnPg==\" style=\"--smush-placeholder-width: 800px; --smush-placeholder-aspect-ratio: 800\/800;\" \/><\/p>\n<p><a href=\"https:\/\/shop.merillon.fr\/wp-content\/uploads\/2020\/09\/200901FT-instruments-musique-V2b.pdf\" target=\"_blank\" rel=\"noopener noreferrer\"><strong>T\u00e9l\u00e9charger la fiche de pr\u00e9sentation des instruments<\/strong><\/a><\/p>\n<h3>Qui sommes-nous et que r\u00e9alisons-nous ?<\/h3>\n<p>Depuis toujours La Manufacture des b\u00e9tons s&rsquo;est voulue innovatrice et ambitieuse dans ses projets \u00e0 mener. Nous travaillons aujourd&rsquo;hui autant sur des projets de fa\u00e7ade architectonique que sur des projets plus confidentiels comme ces instruments de musique pour d\u00e9coration, ou d&rsquo;enceintes en b\u00e9ton, ou encore des lampes en b\u00e9ton design pour des ateliers haut de gamme.<\/p>\n<p>&nbsp;<\/p>\n","protected":false},"excerpt":{"rendered":"<h3>Pi\u00e8ce en BFUHP num\u00e9rot\u00e9e pour une d\u00e9coration originale<\/h3>\n<p>Les instruments de musique pour d\u00e9coration peuvent \u00eatre de v\u00e9ritables sources d&rsquo;inspiration pour rendre votre d\u00e9coration unique et originale.<br \/>\nDes pi\u00e8ces d&rsquo;une finesse rare. Un travail manuel effectu\u00e9 avec minutie. Vous aurez avec vous un instrument de musique d\u00e9coratif en b\u00e9ton (BFUHP) unique.<\/p>\n<p><img data-opt-id=2002363954  data-opt-src=\"https:\/\/shop.merillon.fr\/wp-content\/uploads\/2017\/09\/Bloc2-rond-icone-france-150x150.png\"  decoding=\"async\" class=\"wp-image-1086 size-thumbnail alignnone lazyload\" data-src=\"https:\/\/shop.merillon.fr\/wp-content\/uploads\/2017\/09\/Bloc2-rond-icone-france-150x150.png\" alt=\"\" width=\"150\" height=\"150\" src=\"data:image\/svg+xml;base64,PHN2ZyB3aWR0aD0iMSIgaGVpZ2h0PSIxIiB4bWxucz0iaHR0cDovL3d3dy53My5vcmcvMjAwMC9zdmciPjwvc3ZnPg==\" style=\"--smush-placeholder-width: 150px; --smush-placeholder-aspect-ratio: 150\/150;\" \/>\u00a0 <img data-opt-id=324847038  data-opt-src=\"https:\/\/shop.merillon.fr\/wp-content\/uploads\/2020\/08\/travail-artisanal-V2-150x150.png\"  decoding=\"async\" class=\"alignleft wp-image-6168 size-thumbnail lazyload\" data-src=\"https:\/\/shop.merillon.fr\/wp-content\/uploads\/2020\/08\/travail-artisanal-V2-150x150.png\" alt=\"\" width=\"150\" height=\"150\" src=\"data:image\/svg+xml;base64,PHN2ZyB3aWR0aD0iMSIgaGVpZ2h0PSIxIiB4bWxucz0iaHR0cDovL3d3dy53My5vcmcvMjAwMC9zdmciPjwvc3ZnPg==\" style=\"--smush-placeholder-width: 150px; --smush-placeholder-aspect-ratio: 150\/150;\" \/><\/p>\n<h4>Vous aussi rejoignez les amateurs de musique et de d\u00e9coration qui poss\u00e8dent d\u00e9j\u00e0 leur instrument.<\/h4>\n<ul>\n<li>Finition satin ou velour<\/li>\n<li>\u0152uvre d&rsquo;art authentique<\/li>\n<li>Exposition en ext\u00e9rieur de l\u2019\u0153uvre possible<\/li>\n<li>Production artisanale<\/li>\n<li>S\u00e9rie limit\u00e9e<\/li>\n<\/ul>\n<p>&nbsp;<\/p>\n","protected":false},"featured_media":1136,"template":"","meta":{"_uag_custom_page_level_css":"","_monsterinsights_skip_tracking":false,"_monsterinsights_sitenote_active":false,"_monsterinsights_sitenote_note":"","_monsterinsights_sitenote_category":0,"_uf_show_specific_survey":0,"_uf_disable_surveys":false,"site-sidebar-layout":"default","site-content-layout":"","ast-site-content-layout":"default","site-content-style":"default","site-sidebar-style":"default","ast-global-header-display":"","ast-banner-title-visibility":"","ast-main-header-display":"","ast-hfb-above-header-display":"","ast-hfb-below-header-display":"","ast-hfb-mobile-header-display":"","site-post-title":"","ast-breadcrumbs-content":"","ast-featured-img":"","footer-sml-layout":"","ast-disable-related-posts":"","theme-transparent-header-meta":"default","adv-header-id-meta":"","stick-header-meta":"","header-above-stick-meta":"","header-main-stick-meta":"","header-below-stick-meta":"","astra-migrate-meta-layouts":"set","ast-page-background-enabled":"default","ast-page-background-meta":{"desktop":{"background-color":"var(--ast-global-color-4)","background-image":"","background-repeat":"repeat","background-position":"center center","background-size":"auto","background-attachment":"scroll","background-type":"","background-media":"","overlay-type":"","overlay-color":"","overlay-opacity":"","overlay-gradient":""},"tablet":{"background-color":"","background-image":"","background-repeat":"repeat","background-position":"center center","background-size":"auto","background-attachment":"scroll","background-type":"","background-media":"","overlay-type":"","overlay-color":"","overlay-opacity":"","overlay-gradient":""},"mobile":{"background-color":"","background-image":"","background-repeat":"repeat","background-position":"center center","background-size":"auto","background-attachment":"scroll","background-type":"","background-media":"","overlay-type":"","overlay-color":"","overlay-opacity":"","overlay-gradient":""}},"ast-content-background-meta":{"desktop":{"background-color":"var(--ast-global-color-5)","background-image":"","background-repeat":"repeat","background-position":"center center","background-size":"auto","background-attachment":"scroll","background-type":"","background-media":"","overlay-type":"","overlay-color":"","overlay-opacity":"","overlay-gradient":""},"tablet":{"background-color":"var(--ast-global-color-5)","background-image":"","background-repeat":"repeat","background-position":"center center","background-size":"auto","background-attachment":"scroll","background-type":"","background-media":"","overlay-type":"","overlay-color":"","overlay-opacity":"","overlay-gradient":""},"mobile":{"background-color":"var(--ast-global-color-5)","background-image":"","background-repeat":"repeat","background-position":"center center","background-size":"auto","background-attachment":"scroll","background-type":"","background-media":"","overlay-type":"","overlay-color":"","overlay-opacity":"","overlay-gradient":""}}},"product_brand":[],"product_cat":[34],"product_tag":[],"class_list":{"0":"post-208","1":"product","2":"type-product","3":"status-publish","4":"has-post-thumbnail","6":"product_cat-instruments-musique","7":"desktop-align-left","8":"tablet-align-left","9":"mobile-align-left","11":"first","12":"instock","13":"taxable","14":"shipping-taxable","15":"purchasable","16":"product-type-variable"},"yoast_head":"<!-- This site is optimized with the Yoast SEO plugin v27.4 - https:\/\/yoast.com\/product\/yoast-seo-wordpress\/ -->\n<title>Instrument de musique d\u00e9coratif<\/title>\n<meta name=\"description\" content=\"Notre gamme d&#039;instrument de musique d\u00e9coratif en b\u00e9ton \u00e0 taille r\u00e9elle donnera une dimension originale \u00e0 votre d\u00e9coration\" \/>\n<meta name=\"robots\" content=\"index, follow, max-snippet:-1, max-image-preview:large, max-video-preview:-1\" \/>\n<link rel=\"canonical\" href=\"https:\/\/www.shop.lmb.fr\/shop.lmb.fr\/index.php\/produit\/instruments-musique-decoratif\/\" \/>\n<meta property=\"og:locale\" content=\"fr_FR\" \/>\n<meta property=\"og:type\" content=\"article\" \/>\n<meta property=\"og:title\" content=\"Instrument de musique d\u00e9coratif\" \/>\n<meta property=\"og:description\" content=\"Notre gamme d&#039;instrument de musique d\u00e9coratif en b\u00e9ton \u00e0 taille r\u00e9elle donnera une dimension originale \u00e0 votre d\u00e9coration\" \/>\n<meta property=\"og:url\" content=\"https:\/\/www.shop.lmb.fr\/shop.lmb.fr\/index.php\/produit\/instruments-musique-decoratif\/\" \/>\n<meta property=\"og:site_name\" content=\"LMB\" \/>\n<meta property=\"article:modified_time\" content=\"2025-04-02T13:18:40+00:00\" \/>\n<meta property=\"og:image\" content=\"https:\/\/mltljwaubrlc.i.optimole.com\/w:auto\/h:auto\/q:mauto\/ig:avif\/https:\/\/www.shop.lmb.fr\/shop.lmb.fr\/wp-content\/uploads\/2024\/10\/guitarebeton-1.png\" \/>\n\t<meta property=\"og:image:width\" content=\"350\" \/>\n\t<meta property=\"og:image:height\" content=\"350\" \/>\n\t<meta property=\"og:image:type\" content=\"image\/png\" \/>\n<meta name=\"twitter:card\" content=\"summary_large_image\" \/>\n<meta name=\"twitter:label1\" content=\"Dur\u00e9e de lecture estim\u00e9e\" \/>\n\t<meta name=\"twitter:data1\" content=\"3 minutes\" \/>\n<script type=\"application\/ld+json\" class=\"yoast-schema-graph\">{\"@context\":\"https:\\\/\\\/schema.org\",\"@graph\":[{\"@type\":\"WebPage\",\"@id\":\"https:\\\/\\\/www.shop.lmb.fr\\\/shop.lmb.fr\\\/index.php\\\/produit\\\/instruments-musique-decoratif\\\/\",\"url\":\"https:\\\/\\\/www.shop.lmb.fr\\\/shop.lmb.fr\\\/index.php\\\/produit\\\/instruments-musique-decoratif\\\/\",\"name\":\"Instrument de musique d\u00e9coratif\",\"isPartOf\":{\"@id\":\"https:\\\/\\\/www.shop.lmb.fr\\\/shop.lmb.fr\\\/#website\"},\"primaryImageOfPage\":{\"@id\":\"https:\\\/\\\/www.shop.lmb.fr\\\/shop.lmb.fr\\\/index.php\\\/produit\\\/instruments-musique-decoratif\\\/#primaryimage\"},\"image\":{\"@id\":\"https:\\\/\\\/www.shop.lmb.fr\\\/shop.lmb.fr\\\/index.php\\\/produit\\\/instruments-musique-decoratif\\\/#primaryimage\"},\"thumbnailUrl\":\"https:\\/\\/www.shop.lmb.fr\\/shop.lmb.fr\\/wp-content\\/uploads\\/2024\\/10\\/guitarebeton-1.png\",\"datePublished\":\"2024-03-14T14:36:36+00:00\",\"dateModified\":\"2025-04-02T13:18:40+00:00\",\"description\":\"Notre gamme d'instrument de musique d\u00e9coratif en b\u00e9ton \u00e0 taille r\u00e9elle donnera une dimension originale \u00e0 votre d\u00e9coration\",\"breadcrumb\":{\"@id\":\"https:\\\/\\\/www.shop.lmb.fr\\\/shop.lmb.fr\\\/index.php\\\/produit\\\/instruments-musique-decoratif\\\/#breadcrumb\"},\"inLanguage\":\"fr-FR\",\"potentialAction\":[{\"@type\":\"ReadAction\",\"target\":[\"https:\\\/\\\/www.shop.lmb.fr\\\/shop.lmb.fr\\\/index.php\\\/produit\\\/instruments-musique-decoratif\\\/\"]}]},{\"@type\":\"ImageObject\",\"inLanguage\":\"fr-FR\",\"@id\":\"https:\\\/\\\/www.shop.lmb.fr\\\/shop.lmb.fr\\\/index.php\\\/produit\\\/instruments-musique-decoratif\\\/#primaryimage\",\"url\":\"https:\\/\\/www.shop.lmb.fr\\/shop.lmb.fr\\/wp-content\\/uploads\\/2024\\/10\\/guitarebeton-1.png\",\"contentUrl\":\"https:\\/\\/www.shop.lmb.fr\\/shop.lmb.fr\\/wp-content\\/uploads\\/2024\\/10\\/guitarebeton-1.png\",\"width\":350,\"height\":350},{\"@type\":\"BreadcrumbList\",\"@id\":\"https:\\\/\\\/www.shop.lmb.fr\\\/shop.lmb.fr\\\/index.php\\\/produit\\\/instruments-musique-decoratif\\\/#breadcrumb\",\"itemListElement\":[{\"@type\":\"ListItem\",\"position\":1,\"name\":\"Accueil\",\"item\":\"https:\\\/\\\/www.shop.lmb.fr\\\/shop.lmb.fr\\\/\"},{\"@type\":\"ListItem\",\"position\":2,\"name\":\"Boutique\",\"item\":\"https:\\\/\\\/www.shop.lmb.fr\\\/shop.lmb.fr\\\/index.php\\\/boutique\\\/\"},{\"@type\":\"ListItem\",\"position\":3,\"name\":\"Instruments musique d\u00e9coration\"}]},{\"@type\":\"WebSite\",\"@id\":\"https:\\\/\\\/www.shop.lmb.fr\\\/shop.lmb.fr\\\/#website\",\"url\":\"https:\\\/\\\/www.shop.lmb.fr\\\/shop.lmb.fr\\\/\",\"name\":\"LMB\",\"description\":\"Le b\u00e9ton haute performance\",\"publisher\":{\"@id\":\"https:\\\/\\\/www.shop.lmb.fr\\\/shop.lmb.fr\\\/#organization\"},\"potentialAction\":[{\"@type\":\"SearchAction\",\"target\":{\"@type\":\"EntryPoint\",\"urlTemplate\":\"https:\\\/\\\/www.shop.lmb.fr\\\/shop.lmb.fr\\\/?s={search_term_string}\"},\"query-input\":{\"@type\":\"PropertyValueSpecification\",\"valueRequired\":true,\"valueName\":\"search_term_string\"}}],\"inLanguage\":\"fr-FR\"},{\"@type\":\"Organization\",\"@id\":\"https:\\\/\\\/www.shop.lmb.fr\\\/shop.lmb.fr\\\/#organization\",\"name\":\"LMB\",\"url\":\"https:\\\/\\\/www.shop.lmb.fr\\\/shop.lmb.fr\\\/\",\"logo\":{\"@type\":\"ImageObject\",\"inLanguage\":\"fr-FR\",\"@id\":\"https:\\\/\\\/www.shop.lmb.fr\\\/shop.lmb.fr\\\/#\\\/schema\\\/logo\\\/image\\\/\",\"url\":\"https:\\/\\/www.shop.lmb.fr\\/shop.lmb.fr\\/wp-content\\/uploads\\/2024\\/03\\/cropped-LOGO.png\",\"contentUrl\":\"https:\\/\\/www.shop.lmb.fr\\/shop.lmb.fr\\/wp-content\\/uploads\\/2024\\/03\\/cropped-LOGO.png\",\"width\":2697,\"height\":1021,\"caption\":\"LMB\"},\"image\":{\"@id\":\"https:\\\/\\\/www.shop.lmb.fr\\\/shop.lmb.fr\\\/#\\\/schema\\\/logo\\\/image\\\/\"}}]}<\/script>\n<!-- \/ Yoast SEO plugin. -->","yoast_head_json":{"title":"Instrument de musique d\u00e9coratif","description":"Notre gamme d'instrument de musique d\u00e9coratif en b\u00e9ton \u00e0 taille r\u00e9elle donnera une dimension originale \u00e0 votre d\u00e9coration","robots":{"index":"index","follow":"follow","max-snippet":"max-snippet:-1","max-image-preview":"max-image-preview:large","max-video-preview":"max-video-preview:-1"},"canonical":"https:\/\/www.shop.lmb.fr\/shop.lmb.fr\/index.php\/produit\/instruments-musique-decoratif\/","og_locale":"fr_FR","og_type":"article","og_title":"Instrument de musique d\u00e9coratif","og_description":"Notre gamme d'instrument de musique d\u00e9coratif en b\u00e9ton \u00e0 taille r\u00e9elle donnera une dimension originale \u00e0 votre d\u00e9coration","og_url":"https:\/\/www.shop.lmb.fr\/shop.lmb.fr\/index.php\/produit\/instruments-musique-decoratif\/","og_site_name":"LMB","article_modified_time":"2025-04-02T13:18:40+00:00","og_image":[{"width":350,"height":350,"url":"https:\/\/mltljwaubrlc.i.optimole.com\/w:auto\/h:auto\/q:mauto\/ig:avif\/https:\/\/www.shop.lmb.fr\/shop.lmb.fr\/wp-content\/uploads\/2024\/10\/guitarebeton-1.png","type":"image\/png"}],"twitter_card":"summary_large_image","twitter_misc":{"Dur\u00e9e de lecture estim\u00e9e":"3 minutes"},"schema":{"@context":"https:\/\/schema.org","@graph":[{"@type":"WebPage","@id":"https:\/\/www.shop.lmb.fr\/shop.lmb.fr\/index.php\/produit\/instruments-musique-decoratif\/","url":"https:\/\/www.shop.lmb.fr\/shop.lmb.fr\/index.php\/produit\/instruments-musique-decoratif\/","name":"Instrument de musique d\u00e9coratif","isPartOf":{"@id":"https:\/\/www.shop.lmb.fr\/shop.lmb.fr\/#website"},"primaryImageOfPage":{"@id":"https:\/\/www.shop.lmb.fr\/shop.lmb.fr\/index.php\/produit\/instruments-musique-decoratif\/#primaryimage"},"image":{"@id":"https:\/\/www.shop.lmb.fr\/shop.lmb.fr\/index.php\/produit\/instruments-musique-decoratif\/#primaryimage"},"thumbnailUrl":"https:\/\/mltljwaubrlc.i.optimole.com\/w:auto\/h:auto\/q:mauto\/ig:avif\/https:\/\/www.shop.lmb.fr\/shop.lmb.fr\/wp-content\/uploads\/2024\/10\/guitarebeton-1.png","datePublished":"2024-03-14T14:36:36+00:00","dateModified":"2025-04-02T13:18:40+00:00","description":"Notre gamme d'instrument de musique d\u00e9coratif en b\u00e9ton \u00e0 taille r\u00e9elle donnera une dimension originale \u00e0 votre d\u00e9coration","breadcrumb":{"@id":"https:\/\/www.shop.lmb.fr\/shop.lmb.fr\/index.php\/produit\/instruments-musique-decoratif\/#breadcrumb"},"inLanguage":"fr-FR","potentialAction":[{"@type":"ReadAction","target":["https:\/\/www.shop.lmb.fr\/shop.lmb.fr\/index.php\/produit\/instruments-musique-decoratif\/"]}]},{"@type":"ImageObject","inLanguage":"fr-FR","@id":"https:\/\/www.shop.lmb.fr\/shop.lmb.fr\/index.php\/produit\/instruments-musique-decoratif\/#primaryimage","url":"https:\/\/mltljwaubrlc.i.optimole.com\/w:auto\/h:auto\/q:mauto\/ig:avif\/https:\/\/www.shop.lmb.fr\/shop.lmb.fr\/wp-content\/uploads\/2024\/10\/guitarebeton-1.png","contentUrl":"https:\/\/mltljwaubrlc.i.optimole.com\/w:auto\/h:auto\/q:mauto\/ig:avif\/https:\/\/www.shop.lmb.fr\/shop.lmb.fr\/wp-content\/uploads\/2024\/10\/guitarebeton-1.png","width":350,"height":350},{"@type":"BreadcrumbList","@id":"https:\/\/www.shop.lmb.fr\/shop.lmb.fr\/index.php\/produit\/instruments-musique-decoratif\/#breadcrumb","itemListElement":[{"@type":"ListItem","position":1,"name":"Accueil","item":"https:\/\/www.shop.lmb.fr\/shop.lmb.fr\/"},{"@type":"ListItem","position":2,"name":"Boutique","item":"https:\/\/www.shop.lmb.fr\/shop.lmb.fr\/index.php\/boutique\/"},{"@type":"ListItem","position":3,"name":"Instruments musique d\u00e9coration"}]},{"@type":"WebSite","@id":"https:\/\/www.shop.lmb.fr\/shop.lmb.fr\/#website","url":"https:\/\/www.shop.lmb.fr\/shop.lmb.fr\/","name":"LMB","description":"Le b\u00e9ton haute performance","publisher":{"@id":"https:\/\/www.shop.lmb.fr\/shop.lmb.fr\/#organization"},"potentialAction":[{"@type":"SearchAction","target":{"@type":"EntryPoint","urlTemplate":"https:\/\/www.shop.lmb.fr\/shop.lmb.fr\/?s={search_term_string}"},"query-input":{"@type":"PropertyValueSpecification","valueRequired":true,"valueName":"search_term_string"}}],"inLanguage":"fr-FR"},{"@type":"Organization","@id":"https:\/\/www.shop.lmb.fr\/shop.lmb.fr\/#organization","name":"LMB","url":"https:\/\/www.shop.lmb.fr\/shop.lmb.fr\/","logo":{"@type":"ImageObject","inLanguage":"fr-FR","@id":"https:\/\/www.shop.lmb.fr\/shop.lmb.fr\/#\/schema\/logo\/image\/","url":"https:\/\/mltljwaubrlc.i.optimole.com\/w:auto\/h:auto\/q:mauto\/ig:avif\/https:\/\/www.shop.lmb.fr\/shop.lmb.fr\/wp-content\/uploads\/2024\/03\/cropped-LOGO.png","contentUrl":"https:\/\/mltljwaubrlc.i.optimole.com\/w:auto\/h:auto\/q:mauto\/ig:avif\/https:\/\/www.shop.lmb.fr\/shop.lmb.fr\/wp-content\/uploads\/2024\/03\/cropped-LOGO.png","width":2697,"height":1021,"caption":"LMB"},"image":{"@id":"https:\/\/www.shop.lmb.fr\/shop.lmb.fr\/#\/schema\/logo\/image\/"}}]}},"uagb_featured_image_src":{"full":["https:\/\/mltljwaubrlc.i.optimole.com\/w:auto\/h:auto\/q:mauto\/ig:avif\/https:\/\/www.shop.lmb.fr\/shop.lmb.fr\/wp-content\/uploads\/2024\/10\/guitarebeton-1.png",350,350,false],"thumbnail":["https:\/\/mltljwaubrlc.i.optimole.com\/w:150\/h:150\/q:mauto\/rt:fill\/g:ce\/ig:avif\/https:\/\/www.shop.lmb.fr\/shop.lmb.fr\/wp-content\/uploads\/2024\/10\/guitarebeton-1.png",150,150,true],"medium":["https:\/\/mltljwaubrlc.i.optimole.com\/w:300\/h:300\/q:mauto\/rt:fill\/g:ce\/ig:avif\/https:\/\/www.shop.lmb.fr\/shop.lmb.fr\/wp-content\/uploads\/2024\/10\/guitarebeton-1.png",300,300,true],"medium_large":["https:\/\/mltljwaubrlc.i.optimole.com\/w:auto\/h:auto\/q:mauto\/ig:avif\/https:\/\/www.shop.lmb.fr\/shop.lmb.fr\/wp-content\/uploads\/2024\/10\/guitarebeton-1.png",350,350,false],"large":["https:\/\/mltljwaubrlc.i.optimole.com\/w:auto\/h:auto\/q:mauto\/ig:avif\/https:\/\/www.shop.lmb.fr\/shop.lmb.fr\/wp-content\/uploads\/2024\/10\/guitarebeton-1.png",350,350,false],"1536x1536":["https:\/\/mltljwaubrlc.i.optimole.com\/w:auto\/h:auto\/q:mauto\/ig:avif\/https:\/\/www.shop.lmb.fr\/shop.lmb.fr\/wp-content\/uploads\/2024\/10\/guitarebeton-1.png",350,350,false],"2048x2048":["https:\/\/mltljwaubrlc.i.optimole.com\/w:auto\/h:auto\/q:mauto\/ig:avif\/https:\/\/www.shop.lmb.fr\/shop.lmb.fr\/wp-content\/uploads\/2024\/10\/guitarebeton-1.png",350,350,false],"mailpoet_newsletter_max":["https:\/\/mltljwaubrlc.i.optimole.com\/w:auto\/h:auto\/q:mauto\/ig:avif\/https:\/\/www.shop.lmb.fr\/shop.lmb.fr\/wp-content\/uploads\/2024\/10\/guitarebeton-1.png",350,350,false],"woocommerce_thumbnail":["https:\/\/mltljwaubrlc.i.optimole.com\/w:300\/h:300\/q:mauto\/rt:fill\/g:ce\/ig:avif\/https:\/\/www.shop.lmb.fr\/shop.lmb.fr\/wp-content\/uploads\/2024\/10\/guitarebeton-1.png",300,300,true],"woocommerce_single":["https:\/\/mltljwaubrlc.i.optimole.com\/w:auto\/h:auto\/q:mauto\/ig:avif\/https:\/\/www.shop.lmb.fr\/shop.lmb.fr\/wp-content\/uploads\/2024\/10\/guitarebeton-1.png",350,350,false],"woocommerce_gallery_thumbnail":["https:\/\/mltljwaubrlc.i.optimole.com\/w:300\/h:300\/q:mauto\/rt:fill\/g:ce\/ig:avif\/https:\/\/www.shop.lmb.fr\/shop.lmb.fr\/wp-content\/uploads\/2024\/10\/guitarebeton-1.png",200,200,true]},"uagb_author_info":{"display_name":"shoplmb","author_link":"https:\/\/www.shop.lmb.fr\/shop.lmb.fr\/index.php\/author\/"},"uagb_comment_info":0,"uagb_excerpt":"Pi\u00e8ce en BFUHP num\u00e9rot\u00e9e pour une d\u00e9coration originale Les instruments de musique pour d\u00e9coration peuvent \u00eatre de v\u00e9ritables sources d'inspiration pour rendre votre d\u00e9coration unique et originale. Des pi\u00e8ces d'une finesse rare. Un travail manuel effectu\u00e9 avec minutie. Vous aurez avec vous un instrument de musique d\u00e9coratif en b\u00e9ton (BFUHP) unique. \u00a0 Vous aussi rejoignez\u2026","jetpack_sharing_enabled":true,"_links":{"self":[{"href":"https:\/\/www.shop.lmb.fr\/shop.lmb.fr\/index.php\/wp-json\/wp\/v2\/product\/208","targetHints":{"allow":["GET"]}}],"collection":[{"href":"https:\/\/www.shop.lmb.fr\/shop.lmb.fr\/index.php\/wp-json\/wp\/v2\/product"}],"about":[{"href":"https:\/\/www.shop.lmb.fr\/shop.lmb.fr\/index.php\/wp-json\/wp\/v2\/types\/product"}],"wp:featuredmedia":[{"embeddable":true,"href":"https:\/\/www.shop.lmb.fr\/shop.lmb.fr\/index.php\/wp-json\/wp\/v2\/media\/1136"}],"wp:attachment":[{"href":"https:\/\/www.shop.lmb.fr\/shop.lmb.fr\/index.php\/wp-json\/wp\/v2\/media?parent=208"}],"wp:term":[{"taxonomy":"product_brand","embeddable":true,"href":"https:\/\/www.shop.lmb.fr\/shop.lmb.fr\/index.php\/wp-json\/wp\/v2\/product_brand?post=208"},{"taxonomy":"product_cat","embeddable":true,"href":"https:\/\/www.shop.lmb.fr\/shop.lmb.fr\/index.php\/wp-json\/wp\/v2\/product_cat?post=208"},{"taxonomy":"product_tag","embeddable":true,"href":"https:\/\/www.shop.lmb.fr\/shop.lmb.fr\/index.php\/wp-json\/wp\/v2\/product_tag?post=208"}],"curies":[{"name":"wp","href":"https:\/\/api.w.org\/{rel}","templated":true}]}}