{"id":81,"date":"2024-03-14T15:35:14","date_gmt":"2024-03-14T14:35:14","guid":{"rendered":"https:\/\/www.shop.lmb.fr\/shop.lmb.fr\/?post_type=product&#038;p=81"},"modified":"2025-04-02T17:18:10","modified_gmt":"2025-04-02T15:18:10","slug":"platine-equerre-de-fixation-atme-a-lunite-2-platines-par-appui","status":"publish","type":"product","link":"https:\/\/www.shop.lmb.fr\/shop.lmb.fr\/index.php\/produit\/platine-equerre-de-fixation-atme-a-lunite-2-platines-par-appui\/","title":{"rendered":"Platine \u00e9querre de fixation LMB (\u00e0 l&rsquo;unit\u00e9 &#8211; 2 platines par appui)"},"content":{"rendered":"","protected":false},"excerpt":{"rendered":"","protected":false},"featured_media":1037,"template":"","meta":{"_uag_custom_page_level_css":"","_monsterinsights_skip_tracking":false,"_monsterinsights_sitenote_active":false,"_monsterinsights_sitenote_note":"","_monsterinsights_sitenote_category":0,"_uf_show_specific_survey":0,"_uf_disable_surveys":false,"site-sidebar-layout":"default","site-content-layout":"","ast-site-content-layout":"default","site-content-style":"default","site-sidebar-style":"default","ast-global-header-display":"","ast-banner-title-visibility":"","ast-main-header-display":"","ast-hfb-above-header-display":"","ast-hfb-below-header-display":"","ast-hfb-mobile-header-display":"","site-post-title":"","ast-breadcrumbs-content":"","ast-featured-img":"","footer-sml-layout":"","ast-disable-related-posts":"","theme-transparent-header-meta":"default","adv-header-id-meta":"","stick-header-meta":"","header-above-stick-meta":"","header-main-stick-meta":"","header-below-stick-meta":"","astra-migrate-meta-layouts":"set","ast-page-background-enabled":"default","ast-page-background-meta":{"desktop":{"background-color":"var(--ast-global-color-4)","background-image":"","background-repeat":"repeat","background-position":"center center","background-size":"auto","background-attachment":"scroll","background-type":"","background-media":"","overlay-type":"","overlay-color":"","overlay-opacity":"","overlay-gradient":""},"tablet":{"background-color":"","background-image":"","background-repeat":"repeat","background-position":"center center","background-size":"auto","background-attachment":"scroll","background-type":"","background-media":"","overlay-type":"","overlay-color":"","overlay-opacity":"","overlay-gradient":""},"mobile":{"background-color":"","background-image":"","background-repeat":"repeat","background-position":"center center","background-size":"auto","background-attachment":"scroll","background-type":"","background-media":"","overlay-type":"","overlay-color":"","overlay-opacity":"","overlay-gradient":""}},"ast-content-background-meta":{"desktop":{"background-color":"var(--ast-global-color-5)","background-image":"","background-repeat":"repeat","background-position":"center center","background-size":"auto","background-attachment":"scroll","background-type":"","background-media":"","overlay-type":"","overlay-color":"","overlay-opacity":"","overlay-gradient":""},"tablet":{"background-color":"var(--ast-global-color-5)","background-image":"","background-repeat":"repeat","background-position":"center center","background-size":"auto","background-attachment":"scroll","background-type":"","background-media":"","overlay-type":"","overlay-color":"","overlay-opacity":"","overlay-gradient":""},"mobile":{"background-color":"var(--ast-global-color-5)","background-image":"","background-repeat":"repeat","background-position":"center center","background-size":"auto","background-attachment":"scroll","background-type":"","background-media":"","overlay-type":"","overlay-color":"","overlay-opacity":"","overlay-gradient":""}}},"product_brand":[],"product_cat":[30],"product_tag":[],"class_list":{"0":"post-81","1":"product","2":"type-product","3":"status-publish","4":"has-post-thumbnail","6":"product_cat-accessoires","7":"desktop-align-left","8":"tablet-align-left","9":"mobile-align-left","11":"first","12":"instock","13":"taxable","14":"shipping-taxable","15":"purchasable","16":"product-type-simple"},"yoast_head":"<!-- This site is optimized with the Yoast SEO plugin v27.4 - https:\/\/yoast.com\/product\/yoast-seo-wordpress\/ -->\n<title>Platine \u00e9querre de fixation LMB (\u00e0 l&#039;unit\u00e9 - 2 platines par appui) - LMB<\/title>\n<meta name=\"robots\" content=\"index, follow, max-snippet:-1, max-image-preview:large, max-video-preview:-1\" \/>\n<link rel=\"canonical\" href=\"https:\/\/www.shop.lmb.fr\/shop.lmb.fr\/index.php\/produit\/platine-equerre-de-fixation-atme-a-lunite-2-platines-par-appui\/\" \/>\n<meta property=\"og:locale\" content=\"fr_FR\" \/>\n<meta property=\"og:type\" content=\"article\" \/>\n<meta property=\"og:title\" content=\"Platine \u00e9querre de fixation LMB (\u00e0 l&#039;unit\u00e9 - 2 platines par appui) - LMB\" \/>\n<meta property=\"og:url\" content=\"https:\/\/www.shop.lmb.fr\/shop.lmb.fr\/index.php\/produit\/platine-equerre-de-fixation-atme-a-lunite-2-platines-par-appui\/\" \/>\n<meta property=\"og:site_name\" content=\"LMB\" \/>\n<meta property=\"article:modified_time\" content=\"2025-04-02T15:18:10+00:00\" \/>\n<meta property=\"og:image\" content=\"https:\/\/mltljwaubrlc.i.optimole.com\/w:auto\/h:auto\/q:mauto\/ig:avif\/https:\/\/www.shop.lmb.fr\/shop.lmb.fr\/wp-content\/uploads\/2024\/03\/equerre.png\" \/>\n\t<meta property=\"og:image:width\" content=\"600\" \/>\n\t<meta property=\"og:image:height\" content=\"600\" \/>\n\t<meta property=\"og:image:type\" content=\"image\/png\" \/>\n<meta name=\"twitter:card\" content=\"summary_large_image\" \/>\n<meta name=\"twitter:label1\" content=\"Dur\u00e9e de lecture estim\u00e9e\" \/>\n\t<meta name=\"twitter:data1\" content=\"1 minute\" \/>\n<script type=\"application\/ld+json\" class=\"yoast-schema-graph\">{\"@context\":\"https:\\\/\\\/schema.org\",\"@graph\":[{\"@type\":\"WebPage\",\"@id\":\"https:\\\/\\\/www.shop.lmb.fr\\\/shop.lmb.fr\\\/index.php\\\/produit\\\/platine-equerre-de-fixation-atme-a-lunite-2-platines-par-appui\\\/\",\"url\":\"https:\\\/\\\/www.shop.lmb.fr\\\/shop.lmb.fr\\\/index.php\\\/produit\\\/platine-equerre-de-fixation-atme-a-lunite-2-platines-par-appui\\\/\",\"name\":\"Platine \u00e9querre de fixation LMB (\u00e0 l'unit\u00e9 - 2 platines par appui) - LMB\",\"isPartOf\":{\"@id\":\"https:\\\/\\\/www.shop.lmb.fr\\\/shop.lmb.fr\\\/#website\"},\"primaryImageOfPage\":{\"@id\":\"https:\\\/\\\/www.shop.lmb.fr\\\/shop.lmb.fr\\\/index.php\\\/produit\\\/platine-equerre-de-fixation-atme-a-lunite-2-platines-par-appui\\\/#primaryimage\"},\"image\":{\"@id\":\"https:\\\/\\\/www.shop.lmb.fr\\\/shop.lmb.fr\\\/index.php\\\/produit\\\/platine-equerre-de-fixation-atme-a-lunite-2-platines-par-appui\\\/#primaryimage\"},\"thumbnailUrl\":\"https:\\/\\/www.shop.lmb.fr\\/shop.lmb.fr\\/wp-content\\/uploads\\/2024\\/03\\/equerre.png\",\"datePublished\":\"2024-03-14T14:35:14+00:00\",\"dateModified\":\"2025-04-02T15:18:10+00:00\",\"breadcrumb\":{\"@id\":\"https:\\\/\\\/www.shop.lmb.fr\\\/shop.lmb.fr\\\/index.php\\\/produit\\\/platine-equerre-de-fixation-atme-a-lunite-2-platines-par-appui\\\/#breadcrumb\"},\"inLanguage\":\"fr-FR\",\"potentialAction\":[{\"@type\":\"ReadAction\",\"target\":[\"https:\\\/\\\/www.shop.lmb.fr\\\/shop.lmb.fr\\\/index.php\\\/produit\\\/platine-equerre-de-fixation-atme-a-lunite-2-platines-par-appui\\\/\"]}]},{\"@type\":\"ImageObject\",\"inLanguage\":\"fr-FR\",\"@id\":\"https:\\\/\\\/www.shop.lmb.fr\\\/shop.lmb.fr\\\/index.php\\\/produit\\\/platine-equerre-de-fixation-atme-a-lunite-2-platines-par-appui\\\/#primaryimage\",\"url\":\"https:\\/\\/www.shop.lmb.fr\\/shop.lmb.fr\\/wp-content\\/uploads\\/2024\\/03\\/equerre.png\",\"contentUrl\":\"https:\\/\\/www.shop.lmb.fr\\/shop.lmb.fr\\/wp-content\\/uploads\\/2024\\/03\\/equerre.png\",\"width\":600,\"height\":600},{\"@type\":\"BreadcrumbList\",\"@id\":\"https:\\\/\\\/www.shop.lmb.fr\\\/shop.lmb.fr\\\/index.php\\\/produit\\\/platine-equerre-de-fixation-atme-a-lunite-2-platines-par-appui\\\/#breadcrumb\",\"itemListElement\":[{\"@type\":\"ListItem\",\"position\":1,\"name\":\"Accueil\",\"item\":\"https:\\\/\\\/www.shop.lmb.fr\\\/shop.lmb.fr\\\/\"},{\"@type\":\"ListItem\",\"position\":2,\"name\":\"Boutique\",\"item\":\"https:\\\/\\\/www.shop.lmb.fr\\\/shop.lmb.fr\\\/index.php\\\/boutique\\\/\"},{\"@type\":\"ListItem\",\"position\":3,\"name\":\"Platine \u00e9querre de fixation LMB (\u00e0 l&rsquo;unit\u00e9 &#8211; 2 platines par appui)\"}]},{\"@type\":\"WebSite\",\"@id\":\"https:\\\/\\\/www.shop.lmb.fr\\\/shop.lmb.fr\\\/#website\",\"url\":\"https:\\\/\\\/www.shop.lmb.fr\\\/shop.lmb.fr\\\/\",\"name\":\"LMB\",\"description\":\"Le b\u00e9ton haute performance\",\"publisher\":{\"@id\":\"https:\\\/\\\/www.shop.lmb.fr\\\/shop.lmb.fr\\\/#organization\"},\"potentialAction\":[{\"@type\":\"SearchAction\",\"target\":{\"@type\":\"EntryPoint\",\"urlTemplate\":\"https:\\\/\\\/www.shop.lmb.fr\\\/shop.lmb.fr\\\/?s={search_term_string}\"},\"query-input\":{\"@type\":\"PropertyValueSpecification\",\"valueRequired\":true,\"valueName\":\"search_term_string\"}}],\"inLanguage\":\"fr-FR\"},{\"@type\":\"Organization\",\"@id\":\"https:\\\/\\\/www.shop.lmb.fr\\\/shop.lmb.fr\\\/#organization\",\"name\":\"LMB\",\"url\":\"https:\\\/\\\/www.shop.lmb.fr\\\/shop.lmb.fr\\\/\",\"logo\":{\"@type\":\"ImageObject\",\"inLanguage\":\"fr-FR\",\"@id\":\"https:\\\/\\\/www.shop.lmb.fr\\\/shop.lmb.fr\\\/#\\\/schema\\\/logo\\\/image\\\/\",\"url\":\"https:\\/\\/www.shop.lmb.fr\\/shop.lmb.fr\\/wp-content\\/uploads\\/2024\\/03\\/cropped-LOGO.png\",\"contentUrl\":\"https:\\/\\/www.shop.lmb.fr\\/shop.lmb.fr\\/wp-content\\/uploads\\/2024\\/03\\/cropped-LOGO.png\",\"width\":2697,\"height\":1021,\"caption\":\"LMB\"},\"image\":{\"@id\":\"https:\\\/\\\/www.shop.lmb.fr\\\/shop.lmb.fr\\\/#\\\/schema\\\/logo\\\/image\\\/\"}}]}<\/script>\n<!-- \/ Yoast SEO plugin. -->","yoast_head_json":{"title":"Platine \u00e9querre de fixation LMB (\u00e0 l'unit\u00e9 - 2 platines par appui) - LMB","robots":{"index":"index","follow":"follow","max-snippet":"max-snippet:-1","max-image-preview":"max-image-preview:large","max-video-preview":"max-video-preview:-1"},"canonical":"https:\/\/www.shop.lmb.fr\/shop.lmb.fr\/index.php\/produit\/platine-equerre-de-fixation-atme-a-lunite-2-platines-par-appui\/","og_locale":"fr_FR","og_type":"article","og_title":"Platine \u00e9querre de fixation LMB (\u00e0 l'unit\u00e9 - 2 platines par appui) - LMB","og_url":"https:\/\/www.shop.lmb.fr\/shop.lmb.fr\/index.php\/produit\/platine-equerre-de-fixation-atme-a-lunite-2-platines-par-appui\/","og_site_name":"LMB","article_modified_time":"2025-04-02T15:18:10+00:00","og_image":[{"width":600,"height":600,"url":"https:\/\/mltljwaubrlc.i.optimole.com\/w:auto\/h:auto\/q:mauto\/ig:avif\/https:\/\/www.shop.lmb.fr\/shop.lmb.fr\/wp-content\/uploads\/2024\/03\/equerre.png","type":"image\/png"}],"twitter_card":"summary_large_image","twitter_misc":{"Dur\u00e9e de lecture estim\u00e9e":"1 minute"},"schema":{"@context":"https:\/\/schema.org","@graph":[{"@type":"WebPage","@id":"https:\/\/www.shop.lmb.fr\/shop.lmb.fr\/index.php\/produit\/platine-equerre-de-fixation-atme-a-lunite-2-platines-par-appui\/","url":"https:\/\/www.shop.lmb.fr\/shop.lmb.fr\/index.php\/produit\/platine-equerre-de-fixation-atme-a-lunite-2-platines-par-appui\/","name":"Platine \u00e9querre de fixation LMB (\u00e0 l'unit\u00e9 - 2 platines par appui) - LMB","isPartOf":{"@id":"https:\/\/www.shop.lmb.fr\/shop.lmb.fr\/#website"},"primaryImageOfPage":{"@id":"https:\/\/www.shop.lmb.fr\/shop.lmb.fr\/index.php\/produit\/platine-equerre-de-fixation-atme-a-lunite-2-platines-par-appui\/#primaryimage"},"image":{"@id":"https:\/\/www.shop.lmb.fr\/shop.lmb.fr\/index.php\/produit\/platine-equerre-de-fixation-atme-a-lunite-2-platines-par-appui\/#primaryimage"},"thumbnailUrl":"https:\/\/mltljwaubrlc.i.optimole.com\/w:auto\/h:auto\/q:mauto\/ig:avif\/https:\/\/www.shop.lmb.fr\/shop.lmb.fr\/wp-content\/uploads\/2024\/03\/equerre.png","datePublished":"2024-03-14T14:35:14+00:00","dateModified":"2025-04-02T15:18:10+00:00","breadcrumb":{"@id":"https:\/\/www.shop.lmb.fr\/shop.lmb.fr\/index.php\/produit\/platine-equerre-de-fixation-atme-a-lunite-2-platines-par-appui\/#breadcrumb"},"inLanguage":"fr-FR","potentialAction":[{"@type":"ReadAction","target":["https:\/\/www.shop.lmb.fr\/shop.lmb.fr\/index.php\/produit\/platine-equerre-de-fixation-atme-a-lunite-2-platines-par-appui\/"]}]},{"@type":"ImageObject","inLanguage":"fr-FR","@id":"https:\/\/www.shop.lmb.fr\/shop.lmb.fr\/index.php\/produit\/platine-equerre-de-fixation-atme-a-lunite-2-platines-par-appui\/#primaryimage","url":"https:\/\/mltljwaubrlc.i.optimole.com\/w:auto\/h:auto\/q:mauto\/ig:avif\/https:\/\/www.shop.lmb.fr\/shop.lmb.fr\/wp-content\/uploads\/2024\/03\/equerre.png","contentUrl":"https:\/\/mltljwaubrlc.i.optimole.com\/w:auto\/h:auto\/q:mauto\/ig:avif\/https:\/\/www.shop.lmb.fr\/shop.lmb.fr\/wp-content\/uploads\/2024\/03\/equerre.png","width":600,"height":600},{"@type":"BreadcrumbList","@id":"https:\/\/www.shop.lmb.fr\/shop.lmb.fr\/index.php\/produit\/platine-equerre-de-fixation-atme-a-lunite-2-platines-par-appui\/#breadcrumb","itemListElement":[{"@type":"ListItem","position":1,"name":"Accueil","item":"https:\/\/www.shop.lmb.fr\/shop.lmb.fr\/"},{"@type":"ListItem","position":2,"name":"Boutique","item":"https:\/\/www.shop.lmb.fr\/shop.lmb.fr\/index.php\/boutique\/"},{"@type":"ListItem","position":3,"name":"Platine \u00e9querre de fixation LMB (\u00e0 l&rsquo;unit\u00e9 &#8211; 2 platines par appui)"}]},{"@type":"WebSite","@id":"https:\/\/www.shop.lmb.fr\/shop.lmb.fr\/#website","url":"https:\/\/www.shop.lmb.fr\/shop.lmb.fr\/","name":"LMB","description":"Le b\u00e9ton haute performance","publisher":{"@id":"https:\/\/www.shop.lmb.fr\/shop.lmb.fr\/#organization"},"potentialAction":[{"@type":"SearchAction","target":{"@type":"EntryPoint","urlTemplate":"https:\/\/www.shop.lmb.fr\/shop.lmb.fr\/?s={search_term_string}"},"query-input":{"@type":"PropertyValueSpecification","valueRequired":true,"valueName":"search_term_string"}}],"inLanguage":"fr-FR"},{"@type":"Organization","@id":"https:\/\/www.shop.lmb.fr\/shop.lmb.fr\/#organization","name":"LMB","url":"https:\/\/www.shop.lmb.fr\/shop.lmb.fr\/","logo":{"@type":"ImageObject","inLanguage":"fr-FR","@id":"https:\/\/www.shop.lmb.fr\/shop.lmb.fr\/#\/schema\/logo\/image\/","url":"https:\/\/mltljwaubrlc.i.optimole.com\/w:auto\/h:auto\/q:mauto\/ig:avif\/https:\/\/www.shop.lmb.fr\/shop.lmb.fr\/wp-content\/uploads\/2024\/03\/cropped-LOGO.png","contentUrl":"https:\/\/mltljwaubrlc.i.optimole.com\/w:auto\/h:auto\/q:mauto\/ig:avif\/https:\/\/www.shop.lmb.fr\/shop.lmb.fr\/wp-content\/uploads\/2024\/03\/cropped-LOGO.png","width":2697,"height":1021,"caption":"LMB"},"image":{"@id":"https:\/\/www.shop.lmb.fr\/shop.lmb.fr\/#\/schema\/logo\/image\/"}}]}},"uagb_featured_image_src":{"full":["https:\/\/mltljwaubrlc.i.optimole.com\/w:auto\/h:auto\/q:mauto\/ig:avif\/https:\/\/www.shop.lmb.fr\/shop.lmb.fr\/wp-content\/uploads\/2024\/03\/equerre.png",600,600,false],"thumbnail":["https:\/\/mltljwaubrlc.i.optimole.com\/w:150\/h:150\/q:mauto\/rt:fill\/g:ce\/ig:avif\/https:\/\/www.shop.lmb.fr\/shop.lmb.fr\/wp-content\/uploads\/2024\/03\/equerre.png",150,150,true],"medium":["https:\/\/mltljwaubrlc.i.optimole.com\/w:300\/h:300\/q:mauto\/rt:fill\/g:ce\/ig:avif\/https:\/\/www.shop.lmb.fr\/shop.lmb.fr\/wp-content\/uploads\/2024\/03\/equerre.png",300,300,true],"medium_large":["https:\/\/mltljwaubrlc.i.optimole.com\/w:auto\/h:auto\/q:mauto\/ig:avif\/https:\/\/www.shop.lmb.fr\/shop.lmb.fr\/wp-content\/uploads\/2024\/03\/equerre.png",600,600,false],"large":["https:\/\/mltljwaubrlc.i.optimole.com\/w:auto\/h:auto\/q:mauto\/ig:avif\/https:\/\/www.shop.lmb.fr\/shop.lmb.fr\/wp-content\/uploads\/2024\/03\/equerre.png",600,600,false],"1536x1536":["https:\/\/mltljwaubrlc.i.optimole.com\/w:auto\/h:auto\/q:mauto\/ig:avif\/https:\/\/www.shop.lmb.fr\/shop.lmb.fr\/wp-content\/uploads\/2024\/03\/equerre.png",600,600,false],"2048x2048":["https:\/\/mltljwaubrlc.i.optimole.com\/w:auto\/h:auto\/q:mauto\/ig:avif\/https:\/\/www.shop.lmb.fr\/shop.lmb.fr\/wp-content\/uploads\/2024\/03\/equerre.png",600,600,false],"mailpoet_newsletter_max":["https:\/\/mltljwaubrlc.i.optimole.com\/w:auto\/h:auto\/q:mauto\/ig:avif\/https:\/\/www.shop.lmb.fr\/shop.lmb.fr\/wp-content\/uploads\/2024\/03\/equerre.png",600,600,false],"woocommerce_thumbnail":["https:\/\/mltljwaubrlc.i.optimole.com\/w:300\/h:300\/q:mauto\/rt:fill\/g:ce\/ig:avif\/https:\/\/www.shop.lmb.fr\/shop.lmb.fr\/wp-content\/uploads\/2024\/03\/equerre.png",300,300,true],"woocommerce_single":["https:\/\/mltljwaubrlc.i.optimole.com\/w:auto\/h:auto\/q:mauto\/ig:avif\/https:\/\/www.shop.lmb.fr\/shop.lmb.fr\/wp-content\/uploads\/2024\/03\/equerre.png",600,600,false],"woocommerce_gallery_thumbnail":["https:\/\/mltljwaubrlc.i.optimole.com\/w:300\/h:300\/q:mauto\/rt:fill\/g:ce\/ig:avif\/https:\/\/www.shop.lmb.fr\/shop.lmb.fr\/wp-content\/uploads\/2024\/03\/equerre.png",200,200,true]},"uagb_author_info":{"display_name":"shoplmb","author_link":"https:\/\/www.shop.lmb.fr\/shop.lmb.fr\/index.php\/author\/"},"uagb_comment_info":0,"uagb_excerpt":null,"jetpack_sharing_enabled":true,"_links":{"self":[{"href":"https:\/\/www.shop.lmb.fr\/shop.lmb.fr\/index.php\/wp-json\/wp\/v2\/product\/81","targetHints":{"allow":["GET"]}}],"collection":[{"href":"https:\/\/www.shop.lmb.fr\/shop.lmb.fr\/index.php\/wp-json\/wp\/v2\/product"}],"about":[{"href":"https:\/\/www.shop.lmb.fr\/shop.lmb.fr\/index.php\/wp-json\/wp\/v2\/types\/product"}],"wp:featuredmedia":[{"embeddable":true,"href":"https:\/\/www.shop.lmb.fr\/shop.lmb.fr\/index.php\/wp-json\/wp\/v2\/media\/1037"}],"wp:attachment":[{"href":"https:\/\/www.shop.lmb.fr\/shop.lmb.fr\/index.php\/wp-json\/wp\/v2\/media?parent=81"}],"wp:term":[{"taxonomy":"product_brand","embeddable":true,"href":"https:\/\/www.shop.lmb.fr\/shop.lmb.fr\/index.php\/wp-json\/wp\/v2\/product_brand?post=81"},{"taxonomy":"product_cat","embeddable":true,"href":"https:\/\/www.shop.lmb.fr\/shop.lmb.fr\/index.php\/wp-json\/wp\/v2\/product_cat?post=81"},{"taxonomy":"product_tag","embeddable":true,"href":"https:\/\/www.shop.lmb.fr\/shop.lmb.fr\/index.php\/wp-json\/wp\/v2\/product_tag?post=81"}],"curies":[{"name":"wp","href":"https:\/\/api.w.org\/{rel}","templated":true}]}}